{"id":1869,"date":"2021-05-27T06:34:27","date_gmt":"2021-05-27T06:34:27","guid":{"rendered":"http:\/\/alabamapregnancyfamilycenter.clmstaging.com\/opciones\/crianza\/"},"modified":"2026-05-01T11:53:05","modified_gmt":"2026-05-01T11:53:05","slug":"crianza","status":"publish","type":"page","link":"http:\/\/alabamapregnancyfamilycenter.clmstaging.com\/es\/opciones\/crianza\/","title":{"rendered":"Crianza"},"content":{"rendered":"\n<p>Un embarazo no planificado puede haberle tomado completamente por sorpresa. La crianza puede ser una opci\u00f3n que est\u00e9 considerando, aunque a veces parezca una elecci\u00f3n abrumadora. Antes de tomar una decisi\u00f3n, inf\u00f3rmese sobre la opci\u00f3n de la crianza y el apoyo disponible para usted.  <\/p>\n\n<p>Surgen muchas preguntas e inquietudes cuando se enfrenta a un embarazo no planificado. Estamos aqu\u00ed para ayudarle a navegar por cada una de ellas y a tomar una decisi\u00f3n segura para su futuro. No est\u00e1 solo.   <\/p>\n","protected":false},"excerpt":{"rendered":"<p>Un embarazo no planificado puede haberle tomado completamente por sorpresa. La crianza puede ser una opci\u00f3n que est\u00e9 considerando, aunque a veces parezca una elecci\u00f3n abrumadora. Antes de tomar una decisi\u00f3n, inf\u00f3rmese sobre la opci\u00f3n de la crianza y el apoyo disponible para usted.  <\/p>\n","protected":false},"author":1,"featured_media":1871,"parent":1844,"menu_order":0,"comment_status":"closed","ping_status":"closed","template":"","meta":{"_acf_changed":false,"footnotes":""},"class_list":["post-1869","page","type-page","status-publish","has-post-thumbnail","hentry"],"acf":[],"yoast_head":"<!-- This site is optimized with the Yoast SEO plugin v27.4 - https:\/\/yoast.com\/product\/yoast-seo-wordpress\/ -->\n<title>Crianza - Alabama Pregnancy and Family Center Birmingham, AL<\/title>\n<meta name=\"description\" content=\"\u00bfConsidera la crianza despu\u00e9s de un embarazo no planificado? Obtenga apoyo, clases &amp; recursos gratuitos para ayudarle a sentirse seguro en sus pr\u00f3ximos pasos.\" \/>\n<meta name=\"robots\" content=\"noindex, follow, max-snippet:-1, max-image-preview:large, max-video-preview:-1\" \/>\n<meta property=\"og:locale\" content=\"es_ES\" \/>\n<meta property=\"og:type\" content=\"article\" \/>\n<meta property=\"og:title\" content=\"Crianza - Alabama Pregnancy and Family Center Birmingham, AL\" \/>\n<meta property=\"og:description\" content=\"\u00bfConsidera la crianza despu\u00e9s de un embarazo no planificado? Obtenga apoyo, clases &amp; recursos gratuitos para ayudarle a sentirse seguro en sus pr\u00f3ximos pasos.\" \/>\n<meta property=\"og:url\" content=\"http:\/\/alabamapregnancyfamilycenter.clmstaging.com\/es\/opciones\/crianza\/\" \/>\n<meta property=\"og:site_name\" content=\"Alabama Pregnancy and Family Center\" \/>\n<meta property=\"article:modified_time\" content=\"2026-05-01T11:53:05+00:00\" \/>\n<meta property=\"og:image\" content=\"http:\/\/alabamapregnancyfamilycenter.clmstaging.com\/wp-content\/uploads\/2026\/04\/Parenting.png\" \/>\n\t<meta property=\"og:image:width\" content=\"1920\" \/>\n\t<meta property=\"og:image:height\" content=\"1920\" \/>\n\t<meta property=\"og:image:type\" content=\"image\/png\" \/>\n<meta name=\"twitter:card\" content=\"summary_large_image\" \/>\n<!-- \/ Yoast SEO plugin. -->","yoast_head_json":{"title":"Crianza - Alabama Pregnancy and Family Center Birmingham, AL","description":"\u00bfConsidera la crianza despu\u00e9s de un embarazo no planificado? Obtenga apoyo, clases & recursos gratuitos para ayudarle a sentirse seguro en sus pr\u00f3ximos pasos.","robots":{"index":"noindex","follow":"follow","max-snippet":"max-snippet:-1","max-image-preview":"max-image-preview:large","max-video-preview":"max-video-preview:-1"},"og_locale":"es_ES","og_type":"article","og_title":"Crianza - Alabama Pregnancy and Family Center Birmingham, AL","og_description":"\u00bfConsidera la crianza despu\u00e9s de un embarazo no planificado? Obtenga apoyo, clases & recursos gratuitos para ayudarle a sentirse seguro en sus pr\u00f3ximos pasos.","og_url":"http:\/\/alabamapregnancyfamilycenter.clmstaging.com\/es\/opciones\/crianza\/","og_site_name":"Alabama Pregnancy and Family Center","article_modified_time":"2026-05-01T11:53:05+00:00","og_image":[{"width":1920,"height":1920,"url":"http:\/\/alabamapregnancyfamilycenter.clmstaging.com\/wp-content\/uploads\/2026\/04\/Parenting.png","type":"image\/png"}],"twitter_card":"summary_large_image","schema":{"@context":"https:\/\/schema.org","@graph":[{"@type":"WebPage","@id":"http:\/\/alabamapregnancyfamilycenter.clmstaging.com\/es\/opciones\/crianza\/","url":"http:\/\/alabamapregnancyfamilycenter.clmstaging.com\/es\/opciones\/crianza\/","name":"Crianza - Alabama Pregnancy and Family Center Birmingham, AL","isPartOf":{"@id":"http:\/\/alabamapregnancyfamilycenter.clmstaging.com\/es\/#website"},"primaryImageOfPage":{"@id":"http:\/\/alabamapregnancyfamilycenter.clmstaging.com\/es\/opciones\/crianza\/#primaryimage"},"image":{"@id":"http:\/\/alabamapregnancyfamilycenter.clmstaging.com\/es\/opciones\/crianza\/#primaryimage"},"thumbnailUrl":"http:\/\/alabamapregnancyfamilycenter.clmstaging.com\/wp-content\/uploads\/2026\/04\/Parenting.png","datePublished":"2021-05-27T06:34:27+00:00","dateModified":"2026-05-01T11:53:05+00:00","description":"\u00bfConsidera la crianza despu\u00e9s de un embarazo no planificado? Obtenga apoyo, clases & recursos gratuitos para ayudarle a sentirse seguro en sus pr\u00f3ximos pasos.","breadcrumb":{"@id":"http:\/\/alabamapregnancyfamilycenter.clmstaging.com\/es\/opciones\/crianza\/#breadcrumb"},"inLanguage":"es","potentialAction":[{"@type":"ReadAction","target":["http:\/\/alabamapregnancyfamilycenter.clmstaging.com\/es\/opciones\/crianza\/"]}]},{"@type":"ImageObject","inLanguage":"es","@id":"http:\/\/alabamapregnancyfamilycenter.clmstaging.com\/es\/opciones\/crianza\/#primaryimage","url":"http:\/\/alabamapregnancyfamilycenter.clmstaging.com\/wp-content\/uploads\/2026\/04\/Parenting.png","contentUrl":"http:\/\/alabamapregnancyfamilycenter.clmstaging.com\/wp-content\/uploads\/2026\/04\/Parenting.png","width":1920,"height":1920},{"@type":"BreadcrumbList","@id":"http:\/\/alabamapregnancyfamilycenter.clmstaging.com\/es\/opciones\/crianza\/#breadcrumb","itemListElement":[{"@type":"ListItem","position":1,"name":"Home","item":"http:\/\/alabamapregnancyfamilycenter.clmstaging.com\/es\/"},{"@type":"ListItem","position":2,"name":"Opciones","item":"http:\/\/alabamapregnancyfamilycenter.clmstaging.com\/es\/opciones\/"},{"@type":"ListItem","position":3,"name":"Crianza"}]},{"@type":"WebSite","@id":"http:\/\/alabamapregnancyfamilycenter.clmstaging.com\/es\/#website","url":"http:\/\/alabamapregnancyfamilycenter.clmstaging.com\/es\/","name":"Alabama Pregnancy and Family Center","description":"","potentialAction":[{"@type":"SearchAction","target":{"@type":"EntryPoint","urlTemplate":"http:\/\/alabamapregnancyfamilycenter.clmstaging.com\/es\/?s={search_term_string}"},"query-input":{"@type":"PropertyValueSpecification","valueRequired":true,"valueName":"search_term_string"}}],"inLanguage":"es"}]}},"_links":{"self":[{"href":"http:\/\/alabamapregnancyfamilycenter.clmstaging.com\/es\/wp-json\/wp\/v2\/pages\/1869","targetHints":{"allow":["GET"]}}],"collection":[{"href":"http:\/\/alabamapregnancyfamilycenter.clmstaging.com\/es\/wp-json\/wp\/v2\/pages"}],"about":[{"href":"http:\/\/alabamapregnancyfamilycenter.clmstaging.com\/es\/wp-json\/wp\/v2\/types\/page"}],"author":[{"embeddable":true,"href":"http:\/\/alabamapregnancyfamilycenter.clmstaging.com\/es\/wp-json\/wp\/v2\/users\/1"}],"replies":[{"embeddable":true,"href":"http:\/\/alabamapregnancyfamilycenter.clmstaging.com\/es\/wp-json\/wp\/v2\/comments?post=1869"}],"version-history":[{"count":1,"href":"http:\/\/alabamapregnancyfamilycenter.clmstaging.com\/es\/wp-json\/wp\/v2\/pages\/1869\/revisions"}],"predecessor-version":[{"id":1872,"href":"http:\/\/alabamapregnancyfamilycenter.clmstaging.com\/es\/wp-json\/wp\/v2\/pages\/1869\/revisions\/1872"}],"up":[{"embeddable":true,"href":"http:\/\/alabamapregnancyfamilycenter.clmstaging.com\/es\/wp-json\/wp\/v2\/pages\/1844"}],"wp:featuredmedia":[{"embeddable":true,"href":"http:\/\/alabamapregnancyfamilycenter.clmstaging.com\/es\/wp-json\/wp\/v2\/media\/1871"}],"wp:attachment":[{"href":"http:\/\/alabamapregnancyfamilycenter.clmstaging.com\/es\/wp-json\/wp\/v2\/media?parent=1869"}],"curies":[{"name":"wp","href":"https:\/\/api.w.org\/{rel}","templated":true}]}}