{"id":1860,"date":"2021-05-27T06:32:41","date_gmt":"2021-05-27T06:32:41","guid":{"rendered":"http:\/\/alabamapregnancyfamilycenter.clmstaging.com\/opciones\/adopcion\/"},"modified":"2026-05-01T11:52:37","modified_gmt":"2026-05-01T11:52:37","slug":"adopcion","status":"publish","type":"page","link":"http:\/\/alabamapregnancyfamilycenter.clmstaging.com\/es\/opciones\/adopcion\/","title":{"rendered":"Adopci\u00f3n"},"content":{"rendered":"\n<p>Si se enfrenta a un embarazo no planificado, tiene varias opciones en cuanto a los resultados del embarazo y lo que le gustar\u00eda hacer. La adopci\u00f3n es una de esas opciones. <\/p>\n\n<p>Muchas mujeres que no se sienten preparadas para ser madres, pero que tambi\u00e9n se sienten inc\u00f3modas con el aborto, eligen esta opci\u00f3n. Si est\u00e1 considerando la adopci\u00f3n, \u00a1esto es lo que necesita saber! <\/p>\n","protected":false},"excerpt":{"rendered":"<p>\u00bfEst\u00e1 considerando la adopci\u00f3n al enfrentarse a un embarazo no planificado? Existen tres tipos diferentes de adopci\u00f3n entre los que puede elegir como madre biol\u00f3gica. Cada uno tiene diferentes ventajas y desventajas, y afectar\u00e1 su futuro de manera distinta.  <\/p>\n","protected":false},"author":1,"featured_media":1862,"parent":1844,"menu_order":0,"comment_status":"closed","ping_status":"closed","template":"","meta":{"_acf_changed":false,"footnotes":""},"class_list":["post-1860","page","type-page","status-publish","has-post-thumbnail","hentry"],"acf":[],"yoast_head":"<!-- This site is optimized with the Yoast SEO plugin v27.4 - https:\/\/yoast.com\/product\/yoast-seo-wordpress\/ -->\n<title>Adopci\u00f3n - Alabama Alabama Pregnancy and Family Center - Birmingham, AL<\/title>\n<meta name=\"description\" content=\"\u00bfConsidera la adopci\u00f3n? Descubra sus opciones: abierta, cerrada o semiabierta. Ofrecemos apoyo gratuito y confidencial para ayudarle a tomar la mejor decisi\u00f3n para su futuro.\" \/>\n<meta name=\"robots\" content=\"noindex, follow, max-snippet:-1, max-image-preview:large, max-video-preview:-1\" \/>\n<meta property=\"og:locale\" content=\"es_ES\" \/>\n<meta property=\"og:type\" content=\"article\" \/>\n<meta property=\"og:title\" content=\"Adopci\u00f3n - Alabama Alabama Pregnancy and Family Center - Birmingham, AL\" \/>\n<meta property=\"og:description\" content=\"\u00bfConsidera la adopci\u00f3n? Descubra sus opciones: abierta, cerrada o semiabierta. Ofrecemos apoyo gratuito y confidencial para ayudarle a tomar la mejor decisi\u00f3n para su futuro.\" \/>\n<meta property=\"og:url\" content=\"http:\/\/alabamapregnancyfamilycenter.clmstaging.com\/es\/opciones\/adopcion\/\" \/>\n<meta property=\"og:site_name\" content=\"Alabama Pregnancy and Family Center\" \/>\n<meta property=\"article:modified_time\" content=\"2026-05-01T11:52:37+00:00\" \/>\n<meta property=\"og:image\" content=\"http:\/\/alabamapregnancyfamilycenter.clmstaging.com\/wp-content\/uploads\/2026\/04\/Adoption.png\" \/>\n\t<meta property=\"og:image:width\" content=\"1920\" \/>\n\t<meta property=\"og:image:height\" content=\"1920\" \/>\n\t<meta property=\"og:image:type\" content=\"image\/png\" \/>\n<meta name=\"twitter:card\" content=\"summary_large_image\" \/>\n<!-- \/ Yoast SEO plugin. -->","yoast_head_json":{"title":"Adopci\u00f3n - Alabama Alabama Pregnancy and Family Center - Birmingham, AL","description":"\u00bfConsidera la adopci\u00f3n? Descubra sus opciones: abierta, cerrada o semiabierta. Ofrecemos apoyo gratuito y confidencial para ayudarle a tomar la mejor decisi\u00f3n para su futuro.","robots":{"index":"noindex","follow":"follow","max-snippet":"max-snippet:-1","max-image-preview":"max-image-preview:large","max-video-preview":"max-video-preview:-1"},"og_locale":"es_ES","og_type":"article","og_title":"Adopci\u00f3n - Alabama Alabama Pregnancy and Family Center - Birmingham, AL","og_description":"\u00bfConsidera la adopci\u00f3n? Descubra sus opciones: abierta, cerrada o semiabierta. Ofrecemos apoyo gratuito y confidencial para ayudarle a tomar la mejor decisi\u00f3n para su futuro.","og_url":"http:\/\/alabamapregnancyfamilycenter.clmstaging.com\/es\/opciones\/adopcion\/","og_site_name":"Alabama Pregnancy and Family Center","article_modified_time":"2026-05-01T11:52:37+00:00","og_image":[{"width":1920,"height":1920,"url":"http:\/\/alabamapregnancyfamilycenter.clmstaging.com\/wp-content\/uploads\/2026\/04\/Adoption.png","type":"image\/png"}],"twitter_card":"summary_large_image","schema":{"@context":"https:\/\/schema.org","@graph":[{"@type":"WebPage","@id":"http:\/\/alabamapregnancyfamilycenter.clmstaging.com\/es\/opciones\/adopcion\/","url":"http:\/\/alabamapregnancyfamilycenter.clmstaging.com\/es\/opciones\/adopcion\/","name":"Adopci\u00f3n - Alabama Alabama Pregnancy and Family Center - Birmingham, AL","isPartOf":{"@id":"http:\/\/alabamapregnancyfamilycenter.clmstaging.com\/es\/#website"},"primaryImageOfPage":{"@id":"http:\/\/alabamapregnancyfamilycenter.clmstaging.com\/es\/opciones\/adopcion\/#primaryimage"},"image":{"@id":"http:\/\/alabamapregnancyfamilycenter.clmstaging.com\/es\/opciones\/adopcion\/#primaryimage"},"thumbnailUrl":"http:\/\/alabamapregnancyfamilycenter.clmstaging.com\/wp-content\/uploads\/2026\/04\/Adoption.png","datePublished":"2021-05-27T06:32:41+00:00","dateModified":"2026-05-01T11:52:37+00:00","description":"\u00bfConsidera la adopci\u00f3n? Descubra sus opciones: abierta, cerrada o semiabierta. Ofrecemos apoyo gratuito y confidencial para ayudarle a tomar la mejor decisi\u00f3n para su futuro.","breadcrumb":{"@id":"http:\/\/alabamapregnancyfamilycenter.clmstaging.com\/es\/opciones\/adopcion\/#breadcrumb"},"inLanguage":"es","potentialAction":[{"@type":"ReadAction","target":["http:\/\/alabamapregnancyfamilycenter.clmstaging.com\/es\/opciones\/adopcion\/"]}]},{"@type":"ImageObject","inLanguage":"es","@id":"http:\/\/alabamapregnancyfamilycenter.clmstaging.com\/es\/opciones\/adopcion\/#primaryimage","url":"http:\/\/alabamapregnancyfamilycenter.clmstaging.com\/wp-content\/uploads\/2026\/04\/Adoption.png","contentUrl":"http:\/\/alabamapregnancyfamilycenter.clmstaging.com\/wp-content\/uploads\/2026\/04\/Adoption.png","width":1920,"height":1920},{"@type":"BreadcrumbList","@id":"http:\/\/alabamapregnancyfamilycenter.clmstaging.com\/es\/opciones\/adopcion\/#breadcrumb","itemListElement":[{"@type":"ListItem","position":1,"name":"Home","item":"http:\/\/alabamapregnancyfamilycenter.clmstaging.com\/es\/"},{"@type":"ListItem","position":2,"name":"Opciones","item":"http:\/\/alabamapregnancyfamilycenter.clmstaging.com\/es\/opciones\/"},{"@type":"ListItem","position":3,"name":"Adopci\u00f3n"}]},{"@type":"WebSite","@id":"http:\/\/alabamapregnancyfamilycenter.clmstaging.com\/es\/#website","url":"http:\/\/alabamapregnancyfamilycenter.clmstaging.com\/es\/","name":"Alabama Pregnancy and Family Center","description":"","potentialAction":[{"@type":"SearchAction","target":{"@type":"EntryPoint","urlTemplate":"http:\/\/alabamapregnancyfamilycenter.clmstaging.com\/es\/?s={search_term_string}"},"query-input":{"@type":"PropertyValueSpecification","valueRequired":true,"valueName":"search_term_string"}}],"inLanguage":"es"}]}},"_links":{"self":[{"href":"http:\/\/alabamapregnancyfamilycenter.clmstaging.com\/es\/wp-json\/wp\/v2\/pages\/1860","targetHints":{"allow":["GET"]}}],"collection":[{"href":"http:\/\/alabamapregnancyfamilycenter.clmstaging.com\/es\/wp-json\/wp\/v2\/pages"}],"about":[{"href":"http:\/\/alabamapregnancyfamilycenter.clmstaging.com\/es\/wp-json\/wp\/v2\/types\/page"}],"author":[{"embeddable":true,"href":"http:\/\/alabamapregnancyfamilycenter.clmstaging.com\/es\/wp-json\/wp\/v2\/users\/1"}],"replies":[{"embeddable":true,"href":"http:\/\/alabamapregnancyfamilycenter.clmstaging.com\/es\/wp-json\/wp\/v2\/comments?post=1860"}],"version-history":[{"count":1,"href":"http:\/\/alabamapregnancyfamilycenter.clmstaging.com\/es\/wp-json\/wp\/v2\/pages\/1860\/revisions"}],"predecessor-version":[{"id":1864,"href":"http:\/\/alabamapregnancyfamilycenter.clmstaging.com\/es\/wp-json\/wp\/v2\/pages\/1860\/revisions\/1864"}],"up":[{"embeddable":true,"href":"http:\/\/alabamapregnancyfamilycenter.clmstaging.com\/es\/wp-json\/wp\/v2\/pages\/1844"}],"wp:featuredmedia":[{"embeddable":true,"href":"http:\/\/alabamapregnancyfamilycenter.clmstaging.com\/es\/wp-json\/wp\/v2\/media\/1862"}],"wp:attachment":[{"href":"http:\/\/alabamapregnancyfamilycenter.clmstaging.com\/es\/wp-json\/wp\/v2\/media?parent=1860"}],"curies":[{"name":"wp","href":"https:\/\/api.w.org\/{rel}","templated":true}]}}