{"id":1855,"date":"2021-05-27T06:31:32","date_gmt":"2021-05-27T06:31:32","guid":{"rendered":"http:\/\/alabamapregnancyfamilycenter.clmstaging.com\/opciones\/aborto\/"},"modified":"2026-05-01T11:52:37","modified_gmt":"2026-05-01T11:52:37","slug":"aborto","status":"publish","type":"page","link":"http:\/\/alabamapregnancyfamilycenter.clmstaging.com\/es\/opciones\/aborto\/","title":{"rendered":"Aborto"},"content":{"rendered":"\n<p>\u00bfEst\u00e1 considerando el aborto mientras se enfrenta a un embarazo no planificado? Puede que tenga muchas preguntas e inquietudes rondando por su mente en este momento. Vaya paso a paso y encuentre la claridad para seguir adelante. Podemos ayudarle.<\/p>\n","protected":false},"excerpt":{"rendered":"<p>\u00bfEst\u00e1 considerando el aborto mientras se enfrenta a un embarazo no planificado? Puede que tenga muchas preguntas e inquietudes rondando por su mente en este momento. Vaya paso a paso y encuentre la claridad que necesita para seguir adelante. Podemos ayudarle.<\/p>\n","protected":false},"author":1,"featured_media":1857,"parent":1844,"menu_order":0,"comment_status":"closed","ping_status":"closed","template":"","meta":{"_acf_changed":false,"footnotes":""},"class_list":["post-1855","page","type-page","status-publish","has-post-thumbnail","hentry"],"acf":[],"yoast_head":"<!-- This site is optimized with the Yoast SEO plugin v27.4 - https:\/\/yoast.com\/product\/yoast-seo-wordpress\/ -->\n<title>Aborto - Centro de Embarazo y Familia de Alabama - Opciones<\/title>\n<meta name=\"description\" content=\"\u00bfConfundida acerca del aborto? Obtenga informaci\u00f3n, no presi\u00f3n. Informaci\u00f3n gratuita y confidencial sobre opciones de aborto, riesgos y alternativas. Concierte su cita hoy mismo.\" \/>\n<meta name=\"robots\" content=\"noindex, follow, max-snippet:-1, max-image-preview:large, max-video-preview:-1\" \/>\n<meta property=\"og:locale\" content=\"es_ES\" \/>\n<meta property=\"og:type\" content=\"article\" \/>\n<meta property=\"og:title\" content=\"Aborto - Centro de Embarazo y Familia de Alabama - Opciones\" \/>\n<meta property=\"og:description\" content=\"\u00bfConfundida acerca del aborto? Obtenga informaci\u00f3n, no presi\u00f3n. Informaci\u00f3n gratuita y confidencial sobre opciones de aborto, riesgos y alternativas. Concierte su cita hoy mismo.\" \/>\n<meta property=\"og:url\" content=\"http:\/\/alabamapregnancyfamilycenter.clmstaging.com\/es\/opciones\/aborto\/\" \/>\n<meta property=\"og:site_name\" content=\"Alabama Pregnancy and Family Center\" \/>\n<meta property=\"article:modified_time\" content=\"2026-05-01T11:52:37+00:00\" \/>\n<meta property=\"og:image\" content=\"http:\/\/alabamapregnancyfamilycenter.clmstaging.com\/wp-content\/uploads\/2026\/04\/Abortion.png\" \/>\n\t<meta property=\"og:image:width\" content=\"1920\" \/>\n\t<meta property=\"og:image:height\" content=\"1920\" \/>\n\t<meta property=\"og:image:type\" content=\"image\/png\" \/>\n<meta name=\"twitter:card\" content=\"summary_large_image\" \/>\n<!-- \/ Yoast SEO plugin. -->","yoast_head_json":{"title":"Aborto - Centro de Embarazo y Familia de Alabama - Opciones","description":"\u00bfConfundida acerca del aborto? Obtenga informaci\u00f3n, no presi\u00f3n. Informaci\u00f3n gratuita y confidencial sobre opciones de aborto, riesgos y alternativas. Concierte su cita hoy mismo.","robots":{"index":"noindex","follow":"follow","max-snippet":"max-snippet:-1","max-image-preview":"max-image-preview:large","max-video-preview":"max-video-preview:-1"},"og_locale":"es_ES","og_type":"article","og_title":"Aborto - Centro de Embarazo y Familia de Alabama - Opciones","og_description":"\u00bfConfundida acerca del aborto? Obtenga informaci\u00f3n, no presi\u00f3n. Informaci\u00f3n gratuita y confidencial sobre opciones de aborto, riesgos y alternativas. Concierte su cita hoy mismo.","og_url":"http:\/\/alabamapregnancyfamilycenter.clmstaging.com\/es\/opciones\/aborto\/","og_site_name":"Alabama Pregnancy and Family Center","article_modified_time":"2026-05-01T11:52:37+00:00","og_image":[{"width":1920,"height":1920,"url":"http:\/\/alabamapregnancyfamilycenter.clmstaging.com\/wp-content\/uploads\/2026\/04\/Abortion.png","type":"image\/png"}],"twitter_card":"summary_large_image","schema":{"@context":"https:\/\/schema.org","@graph":[{"@type":"WebPage","@id":"http:\/\/alabamapregnancyfamilycenter.clmstaging.com\/es\/opciones\/aborto\/","url":"http:\/\/alabamapregnancyfamilycenter.clmstaging.com\/es\/opciones\/aborto\/","name":"Aborto - Centro de Embarazo y Familia de Alabama - Opciones","isPartOf":{"@id":"http:\/\/alabamapregnancyfamilycenter.clmstaging.com\/es\/#website"},"primaryImageOfPage":{"@id":"http:\/\/alabamapregnancyfamilycenter.clmstaging.com\/es\/opciones\/aborto\/#primaryimage"},"image":{"@id":"http:\/\/alabamapregnancyfamilycenter.clmstaging.com\/es\/opciones\/aborto\/#primaryimage"},"thumbnailUrl":"http:\/\/alabamapregnancyfamilycenter.clmstaging.com\/wp-content\/uploads\/2026\/04\/Abortion.png","datePublished":"2021-05-27T06:31:32+00:00","dateModified":"2026-05-01T11:52:37+00:00","description":"\u00bfConfundida acerca del aborto? Obtenga informaci\u00f3n, no presi\u00f3n. Informaci\u00f3n gratuita y confidencial sobre opciones de aborto, riesgos y alternativas. Concierte su cita hoy mismo.","breadcrumb":{"@id":"http:\/\/alabamapregnancyfamilycenter.clmstaging.com\/es\/opciones\/aborto\/#breadcrumb"},"inLanguage":"es","potentialAction":[{"@type":"ReadAction","target":["http:\/\/alabamapregnancyfamilycenter.clmstaging.com\/es\/opciones\/aborto\/"]}]},{"@type":"ImageObject","inLanguage":"es","@id":"http:\/\/alabamapregnancyfamilycenter.clmstaging.com\/es\/opciones\/aborto\/#primaryimage","url":"http:\/\/alabamapregnancyfamilycenter.clmstaging.com\/wp-content\/uploads\/2026\/04\/Abortion.png","contentUrl":"http:\/\/alabamapregnancyfamilycenter.clmstaging.com\/wp-content\/uploads\/2026\/04\/Abortion.png","width":1920,"height":1920},{"@type":"BreadcrumbList","@id":"http:\/\/alabamapregnancyfamilycenter.clmstaging.com\/es\/opciones\/aborto\/#breadcrumb","itemListElement":[{"@type":"ListItem","position":1,"name":"Home","item":"http:\/\/alabamapregnancyfamilycenter.clmstaging.com\/es\/"},{"@type":"ListItem","position":2,"name":"Opciones","item":"http:\/\/alabamapregnancyfamilycenter.clmstaging.com\/es\/opciones\/"},{"@type":"ListItem","position":3,"name":"Aborto"}]},{"@type":"WebSite","@id":"http:\/\/alabamapregnancyfamilycenter.clmstaging.com\/es\/#website","url":"http:\/\/alabamapregnancyfamilycenter.clmstaging.com\/es\/","name":"Alabama Pregnancy and Family Center","description":"","potentialAction":[{"@type":"SearchAction","target":{"@type":"EntryPoint","urlTemplate":"http:\/\/alabamapregnancyfamilycenter.clmstaging.com\/es\/?s={search_term_string}"},"query-input":{"@type":"PropertyValueSpecification","valueRequired":true,"valueName":"search_term_string"}}],"inLanguage":"es"}]}},"_links":{"self":[{"href":"http:\/\/alabamapregnancyfamilycenter.clmstaging.com\/es\/wp-json\/wp\/v2\/pages\/1855","targetHints":{"allow":["GET"]}}],"collection":[{"href":"http:\/\/alabamapregnancyfamilycenter.clmstaging.com\/es\/wp-json\/wp\/v2\/pages"}],"about":[{"href":"http:\/\/alabamapregnancyfamilycenter.clmstaging.com\/es\/wp-json\/wp\/v2\/types\/page"}],"author":[{"embeddable":true,"href":"http:\/\/alabamapregnancyfamilycenter.clmstaging.com\/es\/wp-json\/wp\/v2\/users\/1"}],"replies":[{"embeddable":true,"href":"http:\/\/alabamapregnancyfamilycenter.clmstaging.com\/es\/wp-json\/wp\/v2\/comments?post=1855"}],"version-history":[{"count":1,"href":"http:\/\/alabamapregnancyfamilycenter.clmstaging.com\/es\/wp-json\/wp\/v2\/pages\/1855\/revisions"}],"predecessor-version":[{"id":1859,"href":"http:\/\/alabamapregnancyfamilycenter.clmstaging.com\/es\/wp-json\/wp\/v2\/pages\/1855\/revisions\/1859"}],"up":[{"embeddable":true,"href":"http:\/\/alabamapregnancyfamilycenter.clmstaging.com\/es\/wp-json\/wp\/v2\/pages\/1844"}],"wp:featuredmedia":[{"embeddable":true,"href":"http:\/\/alabamapregnancyfamilycenter.clmstaging.com\/es\/wp-json\/wp\/v2\/media\/1857"}],"wp:attachment":[{"href":"http:\/\/alabamapregnancyfamilycenter.clmstaging.com\/es\/wp-json\/wp\/v2\/media?parent=1855"}],"curies":[{"name":"wp","href":"https:\/\/api.w.org\/{rel}","templated":true}]}}