{"id":1839,"date":"2023-02-10T10:46:22","date_gmt":"2023-02-10T10:46:22","guid":{"rendered":"http:\/\/alabamapregnancyfamilycenter.clmstaging.com\/pruebas-de-embarazo\/"},"modified":"2026-05-01T11:52:50","modified_gmt":"2026-05-01T11:52:50","slug":"pruebas-de-embarazo","status":"publish","type":"page","link":"http:\/\/alabamapregnancyfamilycenter.clmstaging.com\/es\/servicios\/pruebas-de-embarazo\/","title":{"rendered":"Pruebas de embarazo"},"content":{"rendered":"\n<p>\u00bfEst\u00e1 experimentando <a href=\"http:\/\/alabamapregnancyfamilycenter.clmstaging.com\/es\/esta-embarazada\/\" target=\"_blank\" rel=\"noreferrer noopener\">s\u00edntomas de embarazo<\/a> comunes como retraso menstrual, fatiga o n\u00e1useas? Es posible que est\u00e9 experimentando s\u00edntomas tempranos de embarazo. Aseg\u00farese de empezar con una prueba de embarazo de calidad de laboratorio en Alabama Pregnancy and Family Center. Estamos aqu\u00ed para ayudarle a obtener las respuestas que necesita.<\/p>\n","protected":false},"excerpt":{"rendered":"<p>Si presenta s\u00edntomas como retraso menstrual, fatiga o n\u00e1useas, es posible que est\u00e9 experimentando s\u00edntomas tempranos de embarazo. Aseg\u00farese de empezar con una prueba de embarazo de calidad de laboratorio en Alabama Pregnancy and Family Center. Estamos aqu\u00ed para ayudarle a obtener las respuestas que necesita.<\/p>\n","protected":false},"author":2,"featured_media":1840,"parent":1867,"menu_order":1,"comment_status":"closed","ping_status":"closed","template":"","meta":{"_acf_changed":false,"footnotes":""},"class_list":["post-1839","page","type-page","status-publish","has-post-thumbnail","hentry"],"acf":[],"yoast_head":"<!-- This site is optimized with the Yoast SEO plugin v27.4 - https:\/\/yoast.com\/product\/yoast-seo-wordpress\/ -->\n<title>Pruebas de embarazo - Alabama Pregnancy and Family Center Birmingham, AL<\/title>\n<meta name=\"description\" content=\"Lea m\u00e1s sobre Pruebas de embarazo en esta p\u00e1gina. Alabama Pregnancy and Family Center ofrece servicios de embarazo gratuitos y confidenciales.\" \/>\n<meta name=\"robots\" content=\"noindex, follow, max-snippet:-1, max-image-preview:large, max-video-preview:-1\" \/>\n<meta property=\"og:locale\" content=\"es_ES\" \/>\n<meta property=\"og:type\" content=\"article\" \/>\n<meta property=\"og:title\" content=\"Pruebas de embarazo - Alabama Pregnancy and Family Center Birmingham, AL\" \/>\n<meta property=\"og:description\" content=\"Lea m\u00e1s sobre Pruebas de embarazo en esta p\u00e1gina. Alabama Pregnancy and Family Center ofrece servicios de embarazo gratuitos y confidenciales.\" \/>\n<meta property=\"og:url\" content=\"http:\/\/alabamapregnancyfamilycenter.clmstaging.com\/es\/servicios\/pruebas-de-embarazo\/\" \/>\n<meta property=\"og:site_name\" content=\"Alabama Pregnancy and Family Center\" \/>\n<meta property=\"article:modified_time\" content=\"2026-05-01T11:52:50+00:00\" \/>\n<meta name=\"twitter:card\" content=\"summary_large_image\" \/>\n<!-- \/ Yoast SEO plugin. -->","yoast_head_json":{"title":"Pruebas de embarazo - Alabama Pregnancy and Family Center Birmingham, AL","description":"Lea m\u00e1s sobre Pruebas de embarazo en esta p\u00e1gina. Alabama Pregnancy and Family Center ofrece servicios de embarazo gratuitos y confidenciales.","robots":{"index":"noindex","follow":"follow","max-snippet":"max-snippet:-1","max-image-preview":"max-image-preview:large","max-video-preview":"max-video-preview:-1"},"og_locale":"es_ES","og_type":"article","og_title":"Pruebas de embarazo - Alabama Pregnancy and Family Center Birmingham, AL","og_description":"Lea m\u00e1s sobre Pruebas de embarazo en esta p\u00e1gina. Alabama Pregnancy and Family Center ofrece servicios de embarazo gratuitos y confidenciales.","og_url":"http:\/\/alabamapregnancyfamilycenter.clmstaging.com\/es\/servicios\/pruebas-de-embarazo\/","og_site_name":"Alabama Pregnancy and Family Center","article_modified_time":"2026-05-01T11:52:50+00:00","twitter_card":"summary_large_image","schema":{"@context":"https:\/\/schema.org","@graph":[{"@type":"WebPage","@id":"http:\/\/alabamapregnancyfamilycenter.clmstaging.com\/es\/servicios\/pruebas-de-embarazo\/","url":"http:\/\/alabamapregnancyfamilycenter.clmstaging.com\/es\/servicios\/pruebas-de-embarazo\/","name":"Pruebas de embarazo - Alabama Pregnancy and Family Center Birmingham, AL","isPartOf":{"@id":"http:\/\/alabamapregnancyfamilycenter.clmstaging.com\/es\/#website"},"primaryImageOfPage":{"@id":"http:\/\/alabamapregnancyfamilycenter.clmstaging.com\/es\/servicios\/pruebas-de-embarazo\/#primaryimage"},"image":{"@id":"http:\/\/alabamapregnancyfamilycenter.clmstaging.com\/es\/servicios\/pruebas-de-embarazo\/#primaryimage"},"thumbnailUrl":"http:\/\/alabamapregnancyfamilycenter.clmstaging.com\/wp-content\/uploads\/2022\/08\/pregnancy.svg","datePublished":"2023-02-10T10:46:22+00:00","dateModified":"2026-05-01T11:52:50+00:00","description":"Lea m\u00e1s sobre Pruebas de embarazo en esta p\u00e1gina. Alabama Pregnancy and Family Center ofrece servicios de embarazo gratuitos y confidenciales.","breadcrumb":{"@id":"http:\/\/alabamapregnancyfamilycenter.clmstaging.com\/es\/servicios\/pruebas-de-embarazo\/#breadcrumb"},"inLanguage":"es","potentialAction":[{"@type":"ReadAction","target":["http:\/\/alabamapregnancyfamilycenter.clmstaging.com\/es\/servicios\/pruebas-de-embarazo\/"]}]},{"@type":"ImageObject","inLanguage":"es","@id":"http:\/\/alabamapregnancyfamilycenter.clmstaging.com\/es\/servicios\/pruebas-de-embarazo\/#primaryimage","url":"http:\/\/alabamapregnancyfamilycenter.clmstaging.com\/wp-content\/uploads\/2022\/08\/pregnancy.svg","contentUrl":"http:\/\/alabamapregnancyfamilycenter.clmstaging.com\/wp-content\/uploads\/2022\/08\/pregnancy.svg"},{"@type":"BreadcrumbList","@id":"http:\/\/alabamapregnancyfamilycenter.clmstaging.com\/es\/servicios\/pruebas-de-embarazo\/#breadcrumb","itemListElement":[{"@type":"ListItem","position":1,"name":"Home","item":"http:\/\/alabamapregnancyfamilycenter.clmstaging.com\/es\/"},{"@type":"ListItem","position":2,"name":"Servicios","item":"http:\/\/alabamapregnancyfamilycenter.clmstaging.com\/es\/servicios\/"},{"@type":"ListItem","position":3,"name":"Pruebas de embarazo"}]},{"@type":"WebSite","@id":"http:\/\/alabamapregnancyfamilycenter.clmstaging.com\/es\/#website","url":"http:\/\/alabamapregnancyfamilycenter.clmstaging.com\/es\/","name":"Alabama Pregnancy and Family Center","description":"","potentialAction":[{"@type":"SearchAction","target":{"@type":"EntryPoint","urlTemplate":"http:\/\/alabamapregnancyfamilycenter.clmstaging.com\/es\/?s={search_term_string}"},"query-input":{"@type":"PropertyValueSpecification","valueRequired":true,"valueName":"search_term_string"}}],"inLanguage":"es"}]}},"_links":{"self":[{"href":"http:\/\/alabamapregnancyfamilycenter.clmstaging.com\/es\/wp-json\/wp\/v2\/pages\/1839","targetHints":{"allow":["GET"]}}],"collection":[{"href":"http:\/\/alabamapregnancyfamilycenter.clmstaging.com\/es\/wp-json\/wp\/v2\/pages"}],"about":[{"href":"http:\/\/alabamapregnancyfamilycenter.clmstaging.com\/es\/wp-json\/wp\/v2\/types\/page"}],"author":[{"embeddable":true,"href":"http:\/\/alabamapregnancyfamilycenter.clmstaging.com\/es\/wp-json\/wp\/v2\/users\/2"}],"replies":[{"embeddable":true,"href":"http:\/\/alabamapregnancyfamilycenter.clmstaging.com\/es\/wp-json\/wp\/v2\/comments?post=1839"}],"version-history":[{"count":1,"href":"http:\/\/alabamapregnancyfamilycenter.clmstaging.com\/es\/wp-json\/wp\/v2\/pages\/1839\/revisions"}],"predecessor-version":[{"id":1842,"href":"http:\/\/alabamapregnancyfamilycenter.clmstaging.com\/es\/wp-json\/wp\/v2\/pages\/1839\/revisions\/1842"}],"up":[{"embeddable":true,"href":"http:\/\/alabamapregnancyfamilycenter.clmstaging.com\/es\/wp-json\/wp\/v2\/pages\/1867"}],"wp:featuredmedia":[{"embeddable":true,"href":"http:\/\/alabamapregnancyfamilycenter.clmstaging.com\/es\/wp-json\/wp\/v2\/media\/1840"}],"wp:attachment":[{"href":"http:\/\/alabamapregnancyfamilycenter.clmstaging.com\/es\/wp-json\/wp\/v2\/media?parent=1839"}],"curies":[{"name":"wp","href":"https:\/\/api.w.org\/{rel}","templated":true}]}}