{"id":1823,"date":"2021-05-27T06:39:19","date_gmt":"2021-05-27T06:39:19","guid":{"rendered":"http:\/\/alabamapregnancyfamilycenter.clmstaging.com\/preguntas-frecuentes\/"},"modified":"2026-05-04T06:07:40","modified_gmt":"2026-05-04T06:07:40","slug":"preguntas-frecuentes","status":"publish","type":"page","link":"http:\/\/alabamapregnancyfamilycenter.clmstaging.com\/es\/preguntas-frecuentes\/","title":{"rendered":"Preguntas frecuentes"},"content":{"rendered":"\n<p class=\"has-text-align-center\">Sabemos que un embarazo no planificado conlleva muchas preguntas e inquietudes. Estamos aqu\u00ed para ayudarle a abordar las preguntas m\u00e1s urgentes sobre el embarazo y sus opciones. Consulte nuestras preguntas m\u00e1s frecuentes a continuaci\u00f3n.<\/p>\n","protected":false},"excerpt":{"rendered":"<p>Sabemos que un embarazo no planificado conlleva muchas preguntas e inquietudes. Estamos aqu\u00ed para ayudarle a abordar las preguntas m\u00e1s urgentes sobre el embarazo y sus opciones. Consulte nuestras preguntas m\u00e1s frecuentes a continuaci\u00f3n.<\/p>\n","protected":false},"author":1,"featured_media":0,"parent":0,"menu_order":0,"comment_status":"closed","ping_status":"closed","template":"views\/template-custom.blade.php","meta":{"_acf_changed":false,"footnotes":""},"class_list":["post-1823","page","type-page","status-publish","hentry"],"acf":[],"yoast_head":"<!-- This site is optimized with the Yoast SEO plugin v27.4 - https:\/\/yoast.com\/product\/yoast-seo-wordpress\/ -->\n<title>Preguntas frecuentes - Alabama Pregnancy and Family Center Birmingham, AL<\/title>\n<meta name=\"description\" content=\"Lea m\u00e1s sobre Preguntas frecuentes en esta p\u00e1gina. Alabama Pregnancy and Family Center ofrece servicios de embarazo gratuitos y confidenciales.\" \/>\n<meta name=\"robots\" content=\"noindex, follow, max-snippet:-1, max-image-preview:large, max-video-preview:-1\" \/>\n<meta property=\"og:locale\" content=\"es_ES\" \/>\n<meta property=\"og:type\" content=\"article\" \/>\n<meta property=\"og:title\" content=\"Preguntas frecuentes - Alabama Pregnancy and Family Center Birmingham, AL\" \/>\n<meta property=\"og:description\" content=\"Lea m\u00e1s sobre Preguntas frecuentes en esta p\u00e1gina. Alabama Pregnancy and Family Center ofrece servicios de embarazo gratuitos y confidenciales.\" \/>\n<meta property=\"og:url\" content=\"http:\/\/alabamapregnancyfamilycenter.clmstaging.com\/es\/preguntas-frecuentes\/\" \/>\n<meta property=\"og:site_name\" content=\"Alabama Pregnancy and Family Center\" \/>\n<meta property=\"article:modified_time\" content=\"2026-05-04T06:07:40+00:00\" \/>\n<meta name=\"twitter:card\" content=\"summary_large_image\" \/>\n<!-- \/ Yoast SEO plugin. -->","yoast_head_json":{"title":"Preguntas frecuentes - Alabama Pregnancy and Family Center Birmingham, AL","description":"Lea m\u00e1s sobre Preguntas frecuentes en esta p\u00e1gina. Alabama Pregnancy and Family Center ofrece servicios de embarazo gratuitos y confidenciales.","robots":{"index":"noindex","follow":"follow","max-snippet":"max-snippet:-1","max-image-preview":"max-image-preview:large","max-video-preview":"max-video-preview:-1"},"og_locale":"es_ES","og_type":"article","og_title":"Preguntas frecuentes - Alabama Pregnancy and Family Center Birmingham, AL","og_description":"Lea m\u00e1s sobre Preguntas frecuentes en esta p\u00e1gina. Alabama Pregnancy and Family Center ofrece servicios de embarazo gratuitos y confidenciales.","og_url":"http:\/\/alabamapregnancyfamilycenter.clmstaging.com\/es\/preguntas-frecuentes\/","og_site_name":"Alabama Pregnancy and Family Center","article_modified_time":"2026-05-04T06:07:40+00:00","twitter_card":"summary_large_image","schema":{"@context":"https:\/\/schema.org","@graph":[{"@type":"WebPage","@id":"http:\/\/alabamapregnancyfamilycenter.clmstaging.com\/es\/preguntas-frecuentes\/","url":"http:\/\/alabamapregnancyfamilycenter.clmstaging.com\/es\/preguntas-frecuentes\/","name":"Preguntas frecuentes - Alabama Pregnancy and Family Center Birmingham, AL","isPartOf":{"@id":"http:\/\/alabamapregnancyfamilycenter.clmstaging.com\/es\/#website"},"datePublished":"2021-05-27T06:39:19+00:00","dateModified":"2026-05-04T06:07:40+00:00","description":"Lea m\u00e1s sobre Preguntas frecuentes en esta p\u00e1gina. Alabama Pregnancy and Family Center ofrece servicios de embarazo gratuitos y confidenciales.","breadcrumb":{"@id":"http:\/\/alabamapregnancyfamilycenter.clmstaging.com\/es\/preguntas-frecuentes\/#breadcrumb"},"inLanguage":"es","potentialAction":[{"@type":"ReadAction","target":["http:\/\/alabamapregnancyfamilycenter.clmstaging.com\/es\/preguntas-frecuentes\/"]}]},{"@type":"BreadcrumbList","@id":"http:\/\/alabamapregnancyfamilycenter.clmstaging.com\/es\/preguntas-frecuentes\/#breadcrumb","itemListElement":[{"@type":"ListItem","position":1,"name":"Home","item":"http:\/\/alabamapregnancyfamilycenter.clmstaging.com\/es\/"},{"@type":"ListItem","position":2,"name":"Preguntas frecuentes"}]},{"@type":"WebSite","@id":"http:\/\/alabamapregnancyfamilycenter.clmstaging.com\/es\/#website","url":"http:\/\/alabamapregnancyfamilycenter.clmstaging.com\/es\/","name":"Alabama Pregnancy and Family Center","description":"","potentialAction":[{"@type":"SearchAction","target":{"@type":"EntryPoint","urlTemplate":"http:\/\/alabamapregnancyfamilycenter.clmstaging.com\/es\/?s={search_term_string}"},"query-input":{"@type":"PropertyValueSpecification","valueRequired":true,"valueName":"search_term_string"}}],"inLanguage":"es"}]}},"_links":{"self":[{"href":"http:\/\/alabamapregnancyfamilycenter.clmstaging.com\/es\/wp-json\/wp\/v2\/pages\/1823","targetHints":{"allow":["GET"]}}],"collection":[{"href":"http:\/\/alabamapregnancyfamilycenter.clmstaging.com\/es\/wp-json\/wp\/v2\/pages"}],"about":[{"href":"http:\/\/alabamapregnancyfamilycenter.clmstaging.com\/es\/wp-json\/wp\/v2\/types\/page"}],"author":[{"embeddable":true,"href":"http:\/\/alabamapregnancyfamilycenter.clmstaging.com\/es\/wp-json\/wp\/v2\/users\/1"}],"replies":[{"embeddable":true,"href":"http:\/\/alabamapregnancyfamilycenter.clmstaging.com\/es\/wp-json\/wp\/v2\/comments?post=1823"}],"version-history":[{"count":1,"href":"http:\/\/alabamapregnancyfamilycenter.clmstaging.com\/es\/wp-json\/wp\/v2\/pages\/1823\/revisions"}],"predecessor-version":[{"id":1824,"href":"http:\/\/alabamapregnancyfamilycenter.clmstaging.com\/es\/wp-json\/wp\/v2\/pages\/1823\/revisions\/1824"}],"wp:attachment":[{"href":"http:\/\/alabamapregnancyfamilycenter.clmstaging.com\/es\/wp-json\/wp\/v2\/media?parent=1823"}],"curies":[{"name":"wp","href":"https:\/\/api.w.org\/{rel}","templated":true}]}}