{"id":1815,"date":"2025-03-25T05:47:27","date_gmt":"2025-03-25T05:47:27","guid":{"rendered":"http:\/\/alabamapregnancyfamilycenter.clmstaging.com\/reversion-de-la-pildora-abortiva\/"},"modified":"2026-05-04T06:06:00","modified_gmt":"2026-05-04T06:06:00","slug":"reversion-de-la-pildora-abortiva","status":"publish","type":"page","link":"http:\/\/alabamapregnancyfamilycenter.clmstaging.com\/es\/servicios\/reversion-de-la-pildora-abortiva\/","title":{"rendered":"Reversi\u00f3n de la P\u00edldora Abortiva"},"content":{"rendered":"","protected":false},"excerpt":{"rendered":"<p>\u00bfHa tomado mifepristona y se arrepiente de su decisi\u00f3n? Podemos conectarle con la Red de Rescate de la P\u00edldora Abortiva para iniciar la APR, ofreci\u00e9ndole la oportunidad de continuar con su embarazo. El tiempo es crucial, as\u00ed que p\u00f3ngase en contacto de inmediato para iniciar el proceso.  <\/p>\n","protected":false},"author":1,"featured_media":1819,"parent":1867,"menu_order":4,"comment_status":"closed","ping_status":"closed","template":"","meta":{"_acf_changed":false,"footnotes":""},"class_list":["post-1815","page","type-page","status-publish","has-post-thumbnail","hentry"],"acf":[],"yoast_head":"<!-- This site is optimized with the Yoast SEO plugin v27.4 - https:\/\/yoast.com\/product\/yoast-seo-wordpress\/ -->\n<title>Reversi\u00f3n de la P\u00edldora Abortiva - Alabama Pregnancy and Family Center<\/title>\n<meta name=\"robots\" content=\"noindex, follow, max-snippet:-1, max-image-preview:large, max-video-preview:-1\" \/>\n<meta property=\"og:locale\" content=\"es_ES\" \/>\n<meta property=\"og:type\" content=\"article\" \/>\n<meta property=\"og:title\" content=\"Reversi\u00f3n de la P\u00edldora Abortiva - Alabama Pregnancy and Family Center\" \/>\n<meta property=\"og:description\" content=\"\u00bfHa tomado mifepristona y se arrepiente de su decisi\u00f3n? Podemos conectarle con la Red de Rescate de la P\u00edldora Abortiva para iniciar la APR, ofreci\u00e9ndole la oportunidad de continuar con su embarazo. El tiempo es crucial, as\u00ed que p\u00f3ngase en contacto de inmediato para iniciar el proceso.\" \/>\n<meta property=\"og:url\" content=\"http:\/\/alabamapregnancyfamilycenter.clmstaging.com\/es\/servicios\/reversion-de-la-pildora-abortiva\/\" \/>\n<meta property=\"og:site_name\" content=\"Alabama Pregnancy and Family Center\" \/>\n<meta property=\"article:modified_time\" content=\"2026-05-04T06:06:00+00:00\" \/>\n<meta name=\"twitter:card\" content=\"summary_large_image\" \/>\n<!-- \/ Yoast SEO plugin. -->","yoast_head_json":{"title":"Reversi\u00f3n de la P\u00edldora Abortiva - Alabama Pregnancy and Family Center","robots":{"index":"noindex","follow":"follow","max-snippet":"max-snippet:-1","max-image-preview":"max-image-preview:large","max-video-preview":"max-video-preview:-1"},"og_locale":"es_ES","og_type":"article","og_title":"Reversi\u00f3n de la P\u00edldora Abortiva - Alabama Pregnancy and Family Center","og_description":"\u00bfHa tomado mifepristona y se arrepiente de su decisi\u00f3n? Podemos conectarle con la Red de Rescate de la P\u00edldora Abortiva para iniciar la APR, ofreci\u00e9ndole la oportunidad de continuar con su embarazo. El tiempo es crucial, as\u00ed que p\u00f3ngase en contacto de inmediato para iniciar el proceso.","og_url":"http:\/\/alabamapregnancyfamilycenter.clmstaging.com\/es\/servicios\/reversion-de-la-pildora-abortiva\/","og_site_name":"Alabama Pregnancy and Family Center","article_modified_time":"2026-05-04T06:06:00+00:00","twitter_card":"summary_large_image","schema":{"@context":"https:\/\/schema.org","@graph":[{"@type":"WebPage","@id":"http:\/\/alabamapregnancyfamilycenter.clmstaging.com\/es\/servicios\/reversion-de-la-pildora-abortiva\/","url":"http:\/\/alabamapregnancyfamilycenter.clmstaging.com\/es\/servicios\/reversion-de-la-pildora-abortiva\/","name":"Reversi\u00f3n de la P\u00edldora Abortiva - Alabama Pregnancy and Family Center","isPartOf":{"@id":"http:\/\/alabamapregnancyfamilycenter.clmstaging.com\/es\/#website"},"primaryImageOfPage":{"@id":"http:\/\/alabamapregnancyfamilycenter.clmstaging.com\/es\/servicios\/reversion-de-la-pildora-abortiva\/#primaryimage"},"image":{"@id":"http:\/\/alabamapregnancyfamilycenter.clmstaging.com\/es\/servicios\/reversion-de-la-pildora-abortiva\/#primaryimage"},"thumbnailUrl":"http:\/\/alabamapregnancyfamilycenter.clmstaging.com\/wp-content\/uploads\/2025\/03\/Katie-Icons-5-1-1.svg","datePublished":"2025-03-25T05:47:27+00:00","dateModified":"2026-05-04T06:06:00+00:00","breadcrumb":{"@id":"http:\/\/alabamapregnancyfamilycenter.clmstaging.com\/es\/servicios\/reversion-de-la-pildora-abortiva\/#breadcrumb"},"inLanguage":"es","potentialAction":[{"@type":"ReadAction","target":["http:\/\/alabamapregnancyfamilycenter.clmstaging.com\/es\/servicios\/reversion-de-la-pildora-abortiva\/"]}]},{"@type":"ImageObject","inLanguage":"es","@id":"http:\/\/alabamapregnancyfamilycenter.clmstaging.com\/es\/servicios\/reversion-de-la-pildora-abortiva\/#primaryimage","url":"http:\/\/alabamapregnancyfamilycenter.clmstaging.com\/wp-content\/uploads\/2025\/03\/Katie-Icons-5-1-1.svg","contentUrl":"http:\/\/alabamapregnancyfamilycenter.clmstaging.com\/wp-content\/uploads\/2025\/03\/Katie-Icons-5-1-1.svg"},{"@type":"BreadcrumbList","@id":"http:\/\/alabamapregnancyfamilycenter.clmstaging.com\/es\/servicios\/reversion-de-la-pildora-abortiva\/#breadcrumb","itemListElement":[{"@type":"ListItem","position":1,"name":"Home","item":"http:\/\/alabamapregnancyfamilycenter.clmstaging.com\/es\/"},{"@type":"ListItem","position":2,"name":"Servicios","item":"http:\/\/alabamapregnancyfamilycenter.clmstaging.com\/es\/servicios\/"},{"@type":"ListItem","position":3,"name":"Reversi\u00f3n de la P\u00edldora Abortiva"}]},{"@type":"WebSite","@id":"http:\/\/alabamapregnancyfamilycenter.clmstaging.com\/es\/#website","url":"http:\/\/alabamapregnancyfamilycenter.clmstaging.com\/es\/","name":"Alabama Pregnancy and Family Center","description":"","potentialAction":[{"@type":"SearchAction","target":{"@type":"EntryPoint","urlTemplate":"http:\/\/alabamapregnancyfamilycenter.clmstaging.com\/es\/?s={search_term_string}"},"query-input":{"@type":"PropertyValueSpecification","valueRequired":true,"valueName":"search_term_string"}}],"inLanguage":"es"}]}},"_links":{"self":[{"href":"http:\/\/alabamapregnancyfamilycenter.clmstaging.com\/es\/wp-json\/wp\/v2\/pages\/1815","targetHints":{"allow":["GET"]}}],"collection":[{"href":"http:\/\/alabamapregnancyfamilycenter.clmstaging.com\/es\/wp-json\/wp\/v2\/pages"}],"about":[{"href":"http:\/\/alabamapregnancyfamilycenter.clmstaging.com\/es\/wp-json\/wp\/v2\/types\/page"}],"author":[{"embeddable":true,"href":"http:\/\/alabamapregnancyfamilycenter.clmstaging.com\/es\/wp-json\/wp\/v2\/users\/1"}],"replies":[{"embeddable":true,"href":"http:\/\/alabamapregnancyfamilycenter.clmstaging.com\/es\/wp-json\/wp\/v2\/comments?post=1815"}],"version-history":[{"count":1,"href":"http:\/\/alabamapregnancyfamilycenter.clmstaging.com\/es\/wp-json\/wp\/v2\/pages\/1815\/revisions"}],"predecessor-version":[{"id":1868,"href":"http:\/\/alabamapregnancyfamilycenter.clmstaging.com\/es\/wp-json\/wp\/v2\/pages\/1815\/revisions\/1868"}],"up":[{"embeddable":true,"href":"http:\/\/alabamapregnancyfamilycenter.clmstaging.com\/es\/wp-json\/wp\/v2\/pages\/1867"}],"wp:featuredmedia":[{"embeddable":true,"href":"http:\/\/alabamapregnancyfamilycenter.clmstaging.com\/es\/wp-json\/wp\/v2\/media\/1819"}],"wp:attachment":[{"href":"http:\/\/alabamapregnancyfamilycenter.clmstaging.com\/es\/wp-json\/wp\/v2\/media?parent=1815"}],"curies":[{"name":"wp","href":"https:\/\/api.w.org\/{rel}","templated":true}]}}